{"id":535,"date":"2024-10-04T13:35:01","date_gmt":"2024-10-04T13:35:01","guid":{"rendered":"http:\/\/www.hitoulouseairport.com\/menu\/"},"modified":"2025-11-24T14:34:28","modified_gmt":"2025-11-24T14:34:28","slug":"group-christmas-offer-blagnac","status":"publish","type":"page","link":"https:\/\/www.hitoulouseairport.com\/en\/group-christmas-offer-blagnac\/","title":{"rendered":"Christmas Offer 2025 \u2019Apr\u00e8s-Ski\u2019"},"content":{"rendered":"<div class=\"wp-block-uagb-container uagb-block-b846c9c7 alignfull uagb-is-root-container\"><div class=\"uagb-container__shape uagb-container__shape-bottom uagb-container__invert\" data-negative=\"false\"><svg xmlns=\"https:\/\/www.w3.org\/2000\/svg\" viewbox=\"0 0 700 10\" preserveaspectratio=\"none\"><path class=\"uagb-container__shape-fill\" d=\"M350,10L340,0h20L350,10z\"><\/path><\/svg><\/div><div class=\"uagb-container-inner-blocks-wrap\">\n<div class=\"wp-block-uagb-info-box uagb-block-070b664c uagb-infobox__content-wrap  uagb-infobox-icon-above-title uagb-infobox-image-valign-top wp-block-uagb-info-box--has-margin\"><div class=\"uagb-infobox-margin-wrapper\"><div class=\"uagb-ifb-content\"><div class=\"uagb-ifb-image-content\"><img loading=\"lazy\" decoding=\"async\" src=\"https:\/\/websitedemos.net\/bbq-restaurant-08\/wp-content\/uploads\/sites\/694\/2018\/10\/divider-free-img-1-150x35.png\" alt=\"\" width=\"200\" height=\"46\"\/><\/div><div class=\"uagb-ifb-title-wrap\"><h3 class=\"uagb-ifb-title-prefix\">Christmas Offer 2025 Groups &amp; Seminars<\/h3><h1 class=\"uagb-ifb-title\">Your Apr\u00e8s-Ski<\/h1><\/div><p class=\"uagb-ifb-desc\">Discover our Christmas offers from 17 November<\/p><\/div><\/div><\/div>\n<\/div><\/div>\n\n\n\n<div class=\"wp-block-uagb-container uagb-block-ac44bed4 alignfull uagb-is-root-container\"><div class=\"uagb-container-inner-blocks-wrap\">\n<div class=\"wp-block-uagb-container uagb-block-c91b8643\">\n<div class=\"wp-block-uagb-advanced-heading uagb-block-f79bfb0f\"><h2 class=\"uagb-heading-text\"><strong>Experience winter<\/strong><br><strong>at<\/strong><br><strong>Holiday INN<\/strong><br><strong>Toulouse!<\/strong><\/h2><\/div>\n<\/div>\n\n\n\n<div class=\"wp-block-uagb-container uagb-block-463b62fe\">\n<p>From <strong>17 November to 19 January<\/strong>, transform your meetings into real moments of conviviality with our <strong>unique \u201cApr\u00e8s-Ski\u201d experience<\/strong>.<\/p>\n\n\n\n<p class=\"has-text-align-left\">Imagine... a <strong>gourmet chalet<\/strong>, a <strong>cocktail bar and mulled wine revisited<\/strong>, a <strong>warm atmosphere<\/strong> and <strong>culinary events<\/strong> orchestrated by our chef.<\/p>\n\n\n\n<p>\u2728 <strong>Our themed areas :<\/strong><\/p>\n\n\n\n<ul class=\"wp-block-list\">\n<li>\ud83e\uddc0 <strong>Chalet Gourmand<\/strong> - Tasting &amp; culinary show<\/li>\n\n\n\n<li>\ud83c\udf77 <strong>Chalet Bar<\/strong> - Signature cocktails &amp; house mulled wine<\/li>\n\n\n\n<li>\ud83c\udfbf <strong>Chalet Lounge<\/strong> - Photobooth and apr\u00e8s-ski atmosphere<\/li>\n<\/ul>\n\n\n\n<p>Experience the spirit of the mountains without leaving Blagnac!<br>Our N\u00f6el Apr\u00e8s-Ski offer is perfect for your <strong>team lunches<\/strong>, <strong>company evenings<\/strong> or <strong>festive meetings<\/strong>.<\/p>\n\n\n\n<p>\ud83d\udcde <strong>Book your winter experience now:<\/strong><br>\ud83d\udc49 05 34 36 00 20<br>or by e-mail <a href=\"mailto:tlsap.sales@hitoulouse.com\" target=\"_blank\" rel=\"noreferrer noopener\">tlsap.sales@hitoulouse.com<\/a><\/p>\n<\/div>\n\n\n\n<div class=\"wp-block-columns is-layout-flex wp-container-core-columns-is-layout-28f84493 wp-block-columns-is-layout-flex\">\n<div class=\"wp-block-column is-layout-flow wp-block-column-is-layout-flow\" style=\"flex-basis:33.33%\">\n<div style=\"position: relative; width: 100%; height: 0; padding-top: 100.0000%; padding-bottom: 0; box-shadow: 0 2px 8px 0 rgba(63,69,81,0.16); margin-top: 1.6em; margin-bottom: 0.9em; overflow: hidden; border-radius: 8px; will-change: transform;\">\r\n  <iframe loading=\"lazy\" style=\"position: absolute; width: 100%; height: 100%; top: 0; left: 0; border: none; padding: 0;margin: 0;\"\r\n    src=\"https:\/\/www.canva.com\/design\/DAG4fKc4rYg\/qILsX4J0c4cagB7sePmaxA\/watch?embed\" allowfullscreen=\"allowfullscreen\" allow=\"fullscreen\">\r\n  <\/iframe>\r\n<\/div>\r\n<a href=\"https:\/\/\/en\/&\/#x2F;&#x2F;www.canva.com&#x2F;design&#x2F;DAG4fKc4rYg&#x2F;qILsX4J0c4cagB7sePmaxA&#x2F;watch?utm_content=DAG4fKc4rYg&amp;utm_campaign=designshare&amp;utm_medium=embeds&amp;utm_source=link\" target=\"_blank\" rel=\"noopener\">Come and discover our evenings<\/a>\n<\/div>\n\n\n\n<div class=\"wp-block-column is-layout-flow wp-block-column-is-layout-flow\" style=\"flex-basis:66.66%\">\n<div style=\"position: relative; width: 100%; height: 0; padding-top: 50.0000%; padding-bottom: 0; box-shadow: 0 2px 8px 0 rgba(63,69,81,0.16); margin-top: 1.6em; margin-bottom: 0.9em; overflow: hidden; border-radius: 8px; will-change: transform;\">\r\n  <iframe loading=\"lazy\" style=\"position: absolute; width: 100%; height: 100%; top: 0; left: 0; border: none; padding: 0;margin: 0;\"\r\n    src=\"https:\/\/www.canva.com\/design\/DAGk-ASwY5Q\/-GagE1KWHKmVYDwofCvDQA\/view?embed\" allowfullscreen=\"allowfullscreen\" allow=\"fullscreen\">\r\n  <\/iframe>\r\n<\/div>\r\n<a href=\"https:\/\/\/en\/&\/#x2F;&#x2F;www.canva.com&#x2F;design&#x2F;DAGk-ASwY5Q&#x2F;-GagE1KWHKmVYDwofCvDQA&#x2F;view?utm_content=DAGk-ASwY5Q&amp;utm_campaign=designshare&amp;utm_medium=embeds&amp;utm_source=link\" target=\"_blank\" rel=\"noopener\">Invitation B&amp;C<\/a>\n<\/div>\n<\/div>\n\n\n\n<figure class=\"wp-block-image aligncenter size-large\"><img fetchpriority=\"high\" decoding=\"async\" width=\"1024\" height=\"280\" src=\"https:\/\/www.hitoulouseairport.com\/wp-content\/uploads\/2023\/02\/banner-noel-groupe-1024x280.png\" alt=\"Christmas 2025 Holiday Inn Toulouse\" class=\"wp-image-2250\" srcset=\"https:\/\/www.hitoulouseairport.com\/wp-content\/uploads\/2023\/02\/banner-noel-groupe-1024x280.png 1024w, https:\/\/www.hitoulouseairport.com\/wp-content\/uploads\/2023\/02\/banner-noel-groupe-300x82.png 300w, https:\/\/www.hitoulouseairport.com\/wp-content\/uploads\/2023\/02\/banner-noel-groupe-768x210.png 768w, https:\/\/www.hitoulouseairport.com\/wp-content\/uploads\/2023\/02\/banner-noel-groupe-1536x421.png 1536w, https:\/\/www.hitoulouseairport.com\/wp-content\/uploads\/2023\/02\/banner-noel-groupe-18x5.png 18w, https:\/\/www.hitoulouseairport.com\/wp-content\/uploads\/2023\/02\/banner-noel-groupe.png 1596w\" sizes=\"(max-width: 1024px) 100vw, 1024px\" \/><\/figure>\n<\/div><\/div>\n\n\n\n<p><\/p>\n\n\n\n<div class=\"wp-block-uagb-container uagb-block-b0c210fa alignfull uagb-is-root-container\"><div class=\"uagb-container-inner-blocks-wrap\">\n<div class=\"wp-block-uagb-info-box uagb-block-33c38f7e uagb-infobox__content-wrap  uagb-infobox-icon-above-title uagb-infobox-image-valign-top\"><div class=\"uagb-ifb-content\"><div class=\"uagb-ifb-title-wrap\"><h1 class=\"uagb-ifb-title\">FESTIVE CHRISTMAS MENU<\/h1><\/div><p class=\"uagb-ifb-desc\">From 1 December to 19 December 2025<br>3 menus available <\/p><\/div><\/div>\n<\/div><\/div>\n\n\n\n<div class=\"wp-block-uagb-container uagb-block-7274b034 alignfull uagb-is-root-container\"><div class=\"uagb-container-inner-blocks-wrap\">\n<div class=\"wp-block-uagb-advanced-heading uagb-block-1ac406aa\"><h2 class=\"uagb-heading-text\">Black Angus \ud83c\udf85 CHRISTMAS 2025\ud83c\udf84 <\/h2><\/div>\n<\/div><\/div>\n\n\n\n<p class=\"has-text-align-center\">\ud83c\udf84 <strong>Celebrate Christmas at Black Angus with your colleagues!<\/strong> \ud83c\udf84<br>For the festive season, we are offering three festive menus, specially designed for group meals. Come and savour refined flavours <br>from 1 to 5, from 8 to 12, and from 15 to 19 December 2025!<br>\u2728 Add a gourmet touch with our special options and indulge in our selection of wines to enhance your meal. <br><br>And that's not all!<br><br>Take part in our <em>Santa Black Angus Game<\/em> for an avalanche of gifts and exclusive surprises to thank you for your loyalty! \ud83c\udf85<br><br>Book<a href=\"https:\/\/www.restaurant-blackangus.com\/reservez-votre-table\/\"> <\/a>Quickly and let yourself be carried away by the magic of Christmas at Black Angus! \ud83c\udf81<\/p>\n\n\n\n<div class=\"wp-block-uagb-image uagb-block-866a3fae wp-block-uagb-image--layout-default wp-block-uagb-image--effect-static wp-block-uagb-image--align-none\"><figure class=\"wp-block-uagb-image__figure\"><img loading=\"lazy\" decoding=\"async\" srcset=\"https:\/\/www.restaurant-blackangus.com\/wp-content\/uploads\/2025\/11\/flyer-menu-noel-1024x724.jpg ,https:\/\/www.restaurant-blackangus.com\/wp-content\/uploads\/2025\/11\/flyer-menu-noel.jpg 780w, https:\/\/www.restaurant-blackangus.com\/wp-content\/uploads\/2025\/11\/flyer-menu-noel.jpg 360w\" sizes=\"auto, (max-width: 480px) 150px\" src=\"https:\/\/www.restaurant-blackangus.com\/wp-content\/uploads\/2025\/11\/flyer-menu-noel-1024x724.jpg\" alt=\"\" class=\"uag-image-3335\" width=\"2000\" height=\"1414\" title=\"christmas menu flyer\" role=\"img\"\/><\/figure><\/div>\n\n\n\n<div class=\"wp-block-uagb-image uagb-block-cf3cedff wp-block-uagb-image--layout-default wp-block-uagb-image--effect-static wp-block-uagb-image--align-none\"><figure class=\"wp-block-uagb-image__figure\"><img loading=\"lazy\" decoding=\"async\" srcset=\"https:\/\/www.restaurant-blackangus.com\/wp-content\/uploads\/2025\/11\/Menu-Noel-2025-1024x724.png ,https:\/\/www.restaurant-blackangus.com\/wp-content\/uploads\/2025\/11\/Menu-Noel-2025.png 780w, https:\/\/www.restaurant-blackangus.com\/wp-content\/uploads\/2025\/11\/Menu-Noel-2025.png 360w\" sizes=\"auto, (max-width: 480px) 150px\" src=\"https:\/\/www.restaurant-blackangus.com\/wp-content\/uploads\/2025\/11\/Menu-Noel-2025-1024x724.png\" alt=\"Christmas menu 2025\" class=\"uag-image-3352\" width=\"1024\" height=\"724\" title=\"Christmas menu 2025\" role=\"img\"\/><\/figure><\/div>\n\n\n\n<div class=\"wp-block-uagb-advanced-heading uagb-block-04720053\"><h3 class=\"uagb-heading-text\">Book your table online or call us <a href=\"tel:+33534360020\">05 34 36 00 20<\/a><\/h3><\/div>\n\n\n\n<div class=\"wp-block-uagb-container uagb-block-beba0d9f alignfull uagb-is-root-container\"><div class=\"uagb-container-inner-blocks-wrap\"><\/div><\/div>\n\n\n\n<p><\/p>","protected":false},"excerpt":{"rendered":"<p>Experience winter at Holiday INNToulouse! From 17 November to 19 January, transform your meetings into real moments of conviviality with our unique \u201cApr\u00e8s-Ski\u201d experience. Imagine... a gourmet chalet, a revamped cocktail and mulled wine bar, a warm atmosphere and culinary entertainment orchestrated by our chef. \u2728 Our themed areas: Experience the spirit of the mountains [...]<\/p>","protected":false},"author":1,"featured_media":0,"parent":0,"menu_order":0,"comment_status":"closed","ping_status":"closed","template":"","meta":{"_uag_custom_page_level_css":"","site-sidebar-layout":"no-sidebar","site-content-layout":"plain-container","ast-site-content-layout":"full-width-container","site-content-style":"unboxed","site-sidebar-style":"unboxed","ast-global-header-display":"","ast-banner-title-visibility":"","ast-main-header-display":"","ast-hfb-above-header-display":"","ast-hfb-below-header-display":"","ast-hfb-mobile-header-display":"","site-post-title":"disabled","ast-breadcrumbs-content":"","ast-featured-img":"disabled","footer-sml-layout":"","theme-transparent-header-meta":"default","adv-header-id-meta":"","stick-header-meta":"","header-above-stick-meta":"","header-main-stick-meta":"","header-below-stick-meta":"","astra-migrate-meta-layouts":"set","ast-page-background-enabled":"default","ast-page-background-meta":{"desktop":{"background-color":"","background-image":"","background-repeat":"repeat","background-position":"center center","background-size":"auto","background-attachment":"scroll","background-type":"","background-media":"","overlay-type":"","overlay-color":"","overlay-opacity":"","overlay-gradient":""},"tablet":{"background-color":"","background-image":"","background-repeat":"repeat","background-position":"center center","background-size":"auto","background-attachment":"scroll","background-type":"","background-media":"","overlay-type":"","overlay-color":"","overlay-opacity":"","overlay-gradient":""},"mobile":{"background-color":"","background-image":"","background-repeat":"repeat","background-position":"center center","background-size":"auto","background-attachment":"scroll","background-type":"","background-media":"","overlay-type":"","overlay-color":"","overlay-opacity":"","overlay-gradient":""}},"ast-content-background-meta":{"desktop":{"background-color":"var(--ast-global-color-5)","background-image":"","background-repeat":"repeat","background-position":"center center","background-size":"auto","background-attachment":"scroll","background-type":"","background-media":"","overlay-type":"","overlay-color":"","overlay-opacity":"","overlay-gradient":""},"tablet":{"background-color":"var(--ast-global-color-5)","background-image":"","background-repeat":"repeat","background-position":"center center","background-size":"auto","background-attachment":"scroll","background-type":"","background-media":"","overlay-type":"","overlay-color":"","overlay-opacity":"","overlay-gradient":""},"mobile":{"background-color":"var(--ast-global-color-5)","background-image":"","background-repeat":"repeat","background-position":"center center","background-size":"auto","background-attachment":"scroll","background-type":"","background-media":"","overlay-type":"","overlay-color":"","overlay-opacity":"","overlay-gradient":""}},"footnotes":""},"class_list":["post-535","page","type-page","status-publish","hentry"],"yoast_head":"<!-- This site is optimized with the Yoast SEO plugin v26.9 - https:\/\/yoast.com\/product\/yoast-seo-wordpress\/ -->\n<title>Apr\u00e8s-Ski pour Groupes | Holiday Inn Toulouse Airport<\/title>\n<meta name=\"description\" content=\"Offre de No\u00ebl Apr\u00e8s-Ski groupes: ambiance apr\u00e8s-ski, d\u00e9cor chalet, animations, menus de saison et espaces privatis\u00e9s \u00e0 l\u2019Holiday Inn Toulouse Airport. Id\u00e9al CE &amp; entreprises. Devis rapide\" \/>\n<meta name=\"robots\" content=\"index, follow, max-snippet:-1, max-image-preview:large, max-video-preview:-1\" \/>\n<link rel=\"canonical\" href=\"https:\/\/www.hitoulouseairport.com\/en\/group-christmas-offer-blagnac\/\" \/>\n<meta property=\"og:locale\" content=\"en_GB\" \/>\n<meta property=\"og:type\" content=\"article\" \/>\n<meta property=\"og:title\" content=\"Apr\u00e8s-Ski pour Groupes | Holiday Inn Toulouse Airport\" \/>\n<meta property=\"og:description\" content=\"Offre de No\u00ebl Apr\u00e8s-Ski groupes: ambiance apr\u00e8s-ski, d\u00e9cor chalet, animations, menus de saison et espaces privatis\u00e9s \u00e0 l\u2019Holiday Inn Toulouse Airport. Id\u00e9al CE &amp; entreprises. Devis rapide\" \/>\n<meta property=\"og:url\" content=\"https:\/\/www.hitoulouseairport.com\/en\/group-christmas-offer-blagnac\/\" \/>\n<meta property=\"og:site_name\" content=\"Holiday Inn Toulouse Airport\" \/>\n<meta property=\"article:modified_time\" content=\"2025-11-24T14:34:28+00:00\" \/>\n<meta property=\"og:image\" content=\"https:\/\/websitedemos.net\/bbq-restaurant-08\/wp-content\/uploads\/sites\/694\/2018\/10\/divider-free-img-1-150x35.png\" \/>\n<meta name=\"twitter:card\" content=\"summary_large_image\" \/>\n<meta name=\"twitter:label1\" content=\"Estimated reading time\" \/>\n\t<meta name=\"twitter:data1\" content=\"3 minutes\" \/>\n<script type=\"application\/ld+json\" class=\"yoast-schema-graph\">{\"@context\":\"https:\/\/schema.org\",\"@graph\":[{\"@type\":\"WebPage\",\"@id\":\"https:\/\/www.hitoulouseairport.com\/en\/group-christmas-offer-blagnac\/\",\"url\":\"https:\/\/www.hitoulouseairport.com\/en\/group-christmas-offer-blagnac\/\",\"name\":\"Apr\u00e8s-Ski pour Groupes | Holiday Inn Toulouse Airport\",\"isPartOf\":{\"@id\":\"https:\/\/www.hitoulouseairport.com\/en\/#website\"},\"primaryImageOfPage\":{\"@id\":\"https:\/\/www.hitoulouseairport.com\/en\/group-christmas-offer-blagnac\/#primaryimage\"},\"image\":{\"@id\":\"https:\/\/www.hitoulouseairport.com\/en\/group-christmas-offer-blagnac\/#primaryimage\"},\"thumbnailUrl\":\"https:\/\/websitedemos.net\/bbq-restaurant-08\/wp-content\/uploads\/sites\/694\/2018\/10\/divider-free-img-1-150x35.png\",\"datePublished\":\"2024-10-04T13:35:01+00:00\",\"dateModified\":\"2025-11-24T14:34:28+00:00\",\"description\":\"Offre de No\u00ebl Apr\u00e8s-Ski groupes: ambiance apr\u00e8s-ski, d\u00e9cor chalet, animations, menus de saison et espaces privatis\u00e9s \u00e0 l\u2019Holiday Inn Toulouse Airport. Id\u00e9al CE &amp; entreprises. Devis rapide\",\"breadcrumb\":{\"@id\":\"https:\/\/www.hitoulouseairport.com\/en\/group-christmas-offer-blagnac\/#breadcrumb\"},\"inLanguage\":\"en-GB\",\"potentialAction\":[{\"@type\":\"ReadAction\",\"target\":[\"https:\/\/www.hitoulouseairport.com\/en\/group-christmas-offer-blagnac\/\"]}]},{\"@type\":\"ImageObject\",\"inLanguage\":\"en-GB\",\"@id\":\"https:\/\/www.hitoulouseairport.com\/en\/group-christmas-offer-blagnac\/#primaryimage\",\"url\":\"https:\/\/websitedemos.net\/bbq-restaurant-08\/wp-content\/uploads\/sites\/694\/2018\/10\/divider-free-img-1-150x35.png\",\"contentUrl\":\"https:\/\/websitedemos.net\/bbq-restaurant-08\/wp-content\/uploads\/sites\/694\/2018\/10\/divider-free-img-1-150x35.png\"},{\"@type\":\"BreadcrumbList\",\"@id\":\"https:\/\/www.hitoulouseairport.com\/en\/group-christmas-offer-blagnac\/#breadcrumb\",\"itemListElement\":[{\"@type\":\"ListItem\",\"position\":1,\"name\":\"Home\",\"item\":\"https:\/\/www.hitoulouseairport.com\/en\/\"},{\"@type\":\"ListItem\",\"position\":2,\"name\":\"Offre No\u00ebl 2025&rsquo;Apr\u00e8s-Ski&rsquo;\"}]},{\"@type\":\"WebSite\",\"@id\":\"https:\/\/www.hitoulouseairport.com\/en\/#website\",\"url\":\"https:\/\/www.hitoulouseairport.com\/en\/\",\"name\":\"Holiday Inn Toulouse Airport\",\"description\":\"4 \u00e9toiles, Toulouse Blagnac hotel\",\"publisher\":{\"@id\":\"https:\/\/www.hitoulouseairport.com\/en\/#organization\"},\"potentialAction\":[{\"@type\":\"SearchAction\",\"target\":{\"@type\":\"EntryPoint\",\"urlTemplate\":\"https:\/\/www.hitoulouseairport.com\/en\/?s={search_term_string}\"},\"query-input\":{\"@type\":\"PropertyValueSpecification\",\"valueRequired\":true,\"valueName\":\"search_term_string\"}}],\"inLanguage\":\"en-GB\"},{\"@type\":\"Organization\",\"@id\":\"https:\/\/www.hitoulouseairport.com\/en\/#organization\",\"name\":\"Holiday Inn Toulouse Airport\",\"url\":\"https:\/\/www.hitoulouseairport.com\/en\/\",\"logo\":{\"@type\":\"ImageObject\",\"inLanguage\":\"en-GB\",\"@id\":\"https:\/\/www.hitoulouseairport.com\/en\/#\/schema\/logo\/image\/\",\"url\":\"https:\/\/www.hitoulouseairport.com\/wp-content\/uploads\/2024\/10\/holiday-inn-logo-non-endorsed-digital-green-rgb-vert-2023-en-e1768566289324.png\",\"contentUrl\":\"https:\/\/www.hitoulouseairport.com\/wp-content\/uploads\/2024\/10\/holiday-inn-logo-non-endorsed-digital-green-rgb-vert-2023-en-e1768566289324.png\",\"width\":512,\"height\":435,\"caption\":\"Holiday Inn Toulouse Airport\"},\"image\":{\"@id\":\"https:\/\/www.hitoulouseairport.com\/en\/#\/schema\/logo\/image\/\"},\"sameAs\":[\"https:\/\/www.instagram.com\/blackangus_blagnac\/\"]}]}<\/script>\n<!-- \/ Yoast SEO plugin. -->","yoast_head_json":{"title":"Apr\u00e8s-Ski for Groups | Holiday Inn Toulouse Airport","description":"Apr\u00e8s-ski Christmas offer for groups: apr\u00e8s-ski atmosphere, chalet decor, entertainment, seasonal menus and private areas at the Holiday Inn Toulouse Airport. Ideal for works councils and companies. Quick quote","robots":{"index":"index","follow":"follow","max-snippet":"max-snippet:-1","max-image-preview":"max-image-preview:large","max-video-preview":"max-video-preview:-1"},"canonical":"https:\/\/www.hitoulouseairport.com\/en\/group-christmas-offer-blagnac\/","og_locale":"en_GB","og_type":"article","og_title":"Apr\u00e8s-Ski pour Groupes | Holiday Inn Toulouse Airport","og_description":"Offre de No\u00ebl Apr\u00e8s-Ski groupes: ambiance apr\u00e8s-ski, d\u00e9cor chalet, animations, menus de saison et espaces privatis\u00e9s \u00e0 l\u2019Holiday Inn Toulouse Airport. Id\u00e9al CE &amp; entreprises. Devis rapide","og_url":"https:\/\/www.hitoulouseairport.com\/en\/group-christmas-offer-blagnac\/","og_site_name":"Holiday Inn Toulouse Airport","article_modified_time":"2025-11-24T14:34:28+00:00","og_image":[{"url":"https:\/\/websitedemos.net\/bbq-restaurant-08\/wp-content\/uploads\/sites\/694\/2018\/10\/divider-free-img-1-150x35.png","type":"","width":"","height":""}],"twitter_card":"summary_large_image","twitter_misc":{"Estimated reading time":"3 minutes"},"schema":{"@context":"https:\/\/schema.org","@graph":[{"@type":"WebPage","@id":"https:\/\/www.hitoulouseairport.com\/en\/group-christmas-offer-blagnac\/","url":"https:\/\/www.hitoulouseairport.com\/en\/group-christmas-offer-blagnac\/","name":"Apr\u00e8s-Ski for Groups | Holiday Inn Toulouse Airport","isPartOf":{"@id":"https:\/\/www.hitoulouseairport.com\/en\/#website"},"primaryImageOfPage":{"@id":"https:\/\/www.hitoulouseairport.com\/en\/group-christmas-offer-blagnac\/#primaryimage"},"image":{"@id":"https:\/\/www.hitoulouseairport.com\/en\/group-christmas-offer-blagnac\/#primaryimage"},"thumbnailUrl":"https:\/\/websitedemos.net\/bbq-restaurant-08\/wp-content\/uploads\/sites\/694\/2018\/10\/divider-free-img-1-150x35.png","datePublished":"2024-10-04T13:35:01+00:00","dateModified":"2025-11-24T14:34:28+00:00","description":"Apr\u00e8s-ski Christmas offer for groups: apr\u00e8s-ski atmosphere, chalet decor, entertainment, seasonal menus and private areas at the Holiday Inn Toulouse Airport. Ideal for works councils and companies. Quick quote","breadcrumb":{"@id":"https:\/\/www.hitoulouseairport.com\/en\/group-christmas-offer-blagnac\/#breadcrumb"},"inLanguage":"en-GB","potentialAction":[{"@type":"ReadAction","target":["https:\/\/www.hitoulouseairport.com\/en\/group-christmas-offer-blagnac\/"]}]},{"@type":"ImageObject","inLanguage":"en-GB","@id":"https:\/\/www.hitoulouseairport.com\/en\/group-christmas-offer-blagnac\/#primaryimage","url":"https:\/\/websitedemos.net\/bbq-restaurant-08\/wp-content\/uploads\/sites\/694\/2018\/10\/divider-free-img-1-150x35.png","contentUrl":"https:\/\/websitedemos.net\/bbq-restaurant-08\/wp-content\/uploads\/sites\/694\/2018\/10\/divider-free-img-1-150x35.png"},{"@type":"BreadcrumbList","@id":"https:\/\/www.hitoulouseairport.com\/en\/group-christmas-offer-blagnac\/#breadcrumb","itemListElement":[{"@type":"ListItem","position":1,"name":"Home","item":"https:\/\/www.hitoulouseairport.com\/en\/"},{"@type":"ListItem","position":2,"name":"Offre No\u00ebl 2025&rsquo;Apr\u00e8s-Ski&rsquo;"}]},{"@type":"WebSite","@id":"https:\/\/www.hitoulouseairport.com\/en\/#website","url":"https:\/\/www.hitoulouseairport.com\/en\/","name":"Holiday Inn Toulouse Airport","description":"4-star hotel, Toulouse Blagnac","publisher":{"@id":"https:\/\/www.hitoulouseairport.com\/en\/#organization"},"potentialAction":[{"@type":"SearchAction","target":{"@type":"EntryPoint","urlTemplate":"https:\/\/www.hitoulouseairport.com\/en\/?s={search_term_string}"},"query-input":{"@type":"PropertyValueSpecification","valueRequired":true,"valueName":"search_term_string"}}],"inLanguage":"en-GB"},{"@type":"Organization","@id":"https:\/\/www.hitoulouseairport.com\/en\/#organization","name":"Holiday Inn Toulouse Airport","url":"https:\/\/www.hitoulouseairport.com\/en\/","logo":{"@type":"ImageObject","inLanguage":"en-GB","@id":"https:\/\/www.hitoulouseairport.com\/en\/#\/schema\/logo\/image\/","url":"https:\/\/www.hitoulouseairport.com\/wp-content\/uploads\/2024\/10\/holiday-inn-logo-non-endorsed-digital-green-rgb-vert-2023-en-e1768566289324.png","contentUrl":"https:\/\/www.hitoulouseairport.com\/wp-content\/uploads\/2024\/10\/holiday-inn-logo-non-endorsed-digital-green-rgb-vert-2023-en-e1768566289324.png","width":512,"height":435,"caption":"Holiday Inn Toulouse Airport"},"image":{"@id":"https:\/\/www.hitoulouseairport.com\/en\/#\/schema\/logo\/image\/"},"sameAs":["https:\/\/www.instagram.com\/blackangus_blagnac\/"]}]}},"uagb_featured_image_src":{"full":false,"thumbnail":false,"medium":false,"medium_large":false,"large":false,"1536x1536":false,"2048x2048":false,"trp-custom-language-flag":false},"uagb_author_info":{"display_name":"Sybre","author_link":"https:\/\/www.hitoulouseairport.com\/en\/author\/sybre\/"},"uagb_comment_info":0,"uagb_excerpt":"Vivez l\u2019hiverchezHoliday INNToulouse ! Du 17 novembre au 19 janvier, transformez vos r\u00e9unions en v\u00e9ritables moments de convivialit\u00e9 avec notre exp\u00e9rience \u201cApr\u00e8s-Ski\u201d unique. Imaginez\u2026 un chalet gourmand, un bar \u00e0 cocktails et vin chaud revisit\u00e9, une ambiance chaleureuse et des animations culinaires orchestr\u00e9es par notre chef. \u2728 Nos espaces th\u00e9matiques : Vivez l\u2019esprit des montagnes&hellip;","_links":{"self":[{"href":"https:\/\/www.hitoulouseairport.com\/en\/wp-json\/wp\/v2\/pages\/535","targetHints":{"allow":["GET"]}}],"collection":[{"href":"https:\/\/www.hitoulouseairport.com\/en\/wp-json\/wp\/v2\/pages"}],"about":[{"href":"https:\/\/www.hitoulouseairport.com\/en\/wp-json\/wp\/v2\/types\/page"}],"author":[{"embeddable":true,"href":"https:\/\/www.hitoulouseairport.com\/en\/wp-json\/wp\/v2\/users\/1"}],"replies":[{"embeddable":true,"href":"https:\/\/www.hitoulouseairport.com\/en\/wp-json\/wp\/v2\/comments?post=535"}],"version-history":[{"count":7,"href":"https:\/\/www.hitoulouseairport.com\/en\/wp-json\/wp\/v2\/pages\/535\/revisions"}],"predecessor-version":[{"id":2261,"href":"https:\/\/www.hitoulouseairport.com\/en\/wp-json\/wp\/v2\/pages\/535\/revisions\/2261"}],"wp:attachment":[{"href":"https:\/\/www.hitoulouseairport.com\/en\/wp-json\/wp\/v2\/media?parent=535"}],"curies":[{"name":"wp","href":"https:\/\/api.w.org\/{rel}","templated":true}]}}