{"id":2266,"date":"2025-11-24T18:16:20","date_gmt":"2025-11-24T18:16:20","guid":{"rendered":"https:\/\/www.hitoulouseairport.com\/?page_id=2266"},"modified":"2026-01-16T11:49:55","modified_gmt":"2026-01-16T11:49:55","slug":"hotel-proche-meett-blagnac","status":"publish","type":"page","link":"https:\/\/www.hitoulouseairport.com\/en\/hotel-proche-meett-blagnac\/","title":{"rendered":"Hotel-proche-meett-blagnac"},"content":{"rendered":"<div class=\"wp-block-uagb-container uagb-block-b846c9c7 alignfull uagb-is-root-container\"><div class=\"uagb-container__shape uagb-container__shape-bottom uagb-container__invert\" data-negative=\"false\"><svg xmlns=\"https:\/\/www.w3.org\/2000\/svg\" viewbox=\"0 0 700 10\" preserveaspectratio=\"none\"><path class=\"uagb-container__shape-fill\" d=\"M350,10L340,0h20L350,10z\"><\/path><\/svg><\/div><div class=\"uagb-container-inner-blocks-wrap\">\n<div class=\"wp-block-uagb-info-box uagb-block-070b664c uagb-infobox__content-wrap  uagb-infobox-icon-above-title uagb-infobox-image-valign-top wp-block-uagb-info-box--has-margin\"><div class=\"uagb-infobox-margin-wrapper\"><div class=\"uagb-ifb-content\"><div class=\"uagb-ifb-image-content\"><img loading=\"lazy\" decoding=\"async\" src=\"https:\/\/websitedemos.net\/bbq-restaurant-08\/wp-content\/uploads\/sites\/694\/2018\/10\/divider-free-img-1-150x35.png\" alt=\"\" width=\"200\" height=\"46\"\/><\/div><div class=\"uagb-ifb-title-wrap\"><h3 class=\"uagb-ifb-title-prefix\">Holiday Inn Toulouse A\u00e9roport is close to<\/h3><h1 class=\"uagb-ifb-title\">MEETT<\/h1><\/div><p class=\"uagb-ifb-desc\">Toulouse M\u00e9tropole Exhibition and Convention Centre. Stay just 5 minutes by car or 2 minutes' walk from tram T2, and less than 15 minutes from MEETT. <br><br>Take advantage of special offers available only on our website for MEETT events: Rose Festival, Toulouse Game Show, Forum du Patrimoine 2026, or the SMARTH trade fair in January 2026. Whether you're an exhibitor, a visitor or an organiser, our hotel will be there for you, with great rates and an ideal location.<\/p><\/div><\/div><\/div>\n<\/div><\/div>\n\n\n\n<div class=\"wp-block-uagb-advanced-heading uagb-block-5fb2ff56\"><h2 class=\"uagb-heading-text\">Special offers for MEETT events<\/h2><\/div>\n\n\n\n<div class=\"wp-block-uagb-container uagb-block-1703f6c7 alignfull uagb-is-root-container\"><div class=\"uagb-container-inner-blocks-wrap\">\n<p>For the major events organised at <strong>MEETT - Toulouse Metropole Exhibition and Convention Centre<\/strong>, we offer <strong>exclusive rates available only on our website<\/strong>. Located just <strong>5 minutes by car<\/strong> and <strong>15 minutes by tram<\/strong> (2-minute walk from the stop), our hotel is one of the most convenient places to stay for quick access to trade fairs, festivals and conferences at the new exhibition centre.<\/p>\n\n\n\n<p><strong>Take advantage of special offers on our website for MEETT events<\/strong>, Whether it's a leisure activity such as the <strong>Rose Festival<\/strong> or the <strong>Toulouse Game Show<\/strong>, or professional events such as the <strong>Heritage Forum 2026<\/strong> or the lounge <strong>SMARTH in January 2026<\/strong>.<br><strong>Whether you're an exhibitor, a visitor or an organiser, our hotel is there to support you.<\/strong> with attractive rates, tailored services and an ideal location.<\/p>\n<\/div><\/div>\n\n\n\n<div class=\"wp-block-uagb-advanced-heading uagb-block-4a5a0950\"><h2 class=\"uagb-heading-text\">Professional Offers<\/h2><\/div>\n\n\n\n<div class=\"wp-block-uagb-container uagb-block-b1a1ab78 alignfull uagb-is-root-container\"><div class=\"uagb-container-inner-blocks-wrap\">\n<div class=\"wp-block-uagb-container uagb-block-a2266dfc\">\n<div class=\"wp-block-uagb-info-box uagb-block-537d65ba uagb-infobox__content-wrap  uagb-infobox-icon-above-title uagb-infobox-image-valign-top\"><div class=\"uagb-ifb-content\"><div class=\"uagb-ifb-icon-wrap\"><svg xmlns=\"https:\/\/www.w3.org\/2000\/svg\" viewbox=\"0 0 512 512\"><path d=\"M0 256C0 114.6 114.6 0 256 0C397.4 0 512 114.6 512 256C512 397.4 397.4 512 256 512C114.6 512 0 397.4 0 256zM371.8 211.8C382.7 200.9 382.7 183.1 371.8 172.2C360.9 161.3 343.1 161.3 332.2 172.2L224 280.4L179.8 236.2C168.9 225.3 151.1 225.3 140.2 236.2C129.3 247.1 129.3 264.9 140.2 275.8L204.2 339.8C215.1 350.7 232.9 350.7 243.8 339.8L371.8 211.8z\"><\/path><\/svg><\/div><div class=\"uagb-ifb-title-wrap\"><h3 class=\"uagb-ifb-title\">Heritage Forum 2026<\/h3><\/div><p class=\"uagb-ifb-desc\">On Wednesday 28 January and Thursday 29 January 2026 at the Meett, the Heritage Forum will be held. If you are looking for a room you can take advantage of the preferential rate via this link<\/p><\/div><\/div>\n<\/div>\n\n\n\n<div class=\"wp-block-uagb-container uagb-block-2c861f55\">\n<div class=\"wp-block-uagb-info-box uagb-block-a525b5be uagb-infobox__content-wrap  uagb-infobox-icon-above-title uagb-infobox-image-valign-top\"><div class=\"uagb-ifb-content\"><div class=\"uagb-ifb-icon-wrap\"><svg xmlns=\"https:\/\/www.w3.org\/2000\/svg\" viewbox=\"0 0 512 512\"><path d=\"M0 256C0 114.6 114.6 0 256 0C397.4 0 512 114.6 512 256C512 397.4 397.4 512 256 512C114.6 512 0 397.4 0 256zM371.8 211.8C382.7 200.9 382.7 183.1 371.8 172.2C360.9 161.3 343.1 161.3 332.2 172.2L224 280.4L179.8 236.2C168.9 225.3 151.1 225.3 140.2 236.2C129.3 247.1 129.3 264.9 140.2 275.8L204.2 339.8C215.1 350.7 232.9 350.7 243.8 339.8L371.8 211.8z\"><\/path><\/svg><\/div><div class=\"uagb-ifb-title-wrap\"><h3 class=\"uagb-ifb-title\">Sirha Smahrt Toulouse 2026<\/h3><\/div><p class=\"uagb-ifb-desc\">25 - 27 January The food service trade fair for the Greater South-West. Whether you are an exhibitor or a visitor, find out here about your preferential rates and reserve your room easily. <\/p><\/div><\/div>\n<\/div>\n\n\n\n<div class=\"wp-block-uagb-container uagb-block-3e9b6c51\">\n<div class=\"wp-block-uagb-info-box uagb-block-06b7c735 uagb-infobox__content-wrap  uagb-infobox-icon-above-title uagb-infobox-image-valign-top\"><div class=\"uagb-ifb-content\"><div class=\"uagb-ifb-icon-wrap\"><svg xmlns=\"https:\/\/www.w3.org\/2000\/svg\" viewbox=\"0 0 512 512\"><path d=\"M0 256C0 114.6 114.6 0 256 0C397.4 0 512 114.6 512 256C512 397.4 397.4 512 256 512C114.6 512 0 397.4 0 256zM371.8 211.8C382.7 200.9 382.7 183.1 371.8 172.2C360.9 161.3 343.1 161.3 332.2 172.2L224 280.4L179.8 236.2C168.9 225.3 151.1 225.3 140.2 236.2C129.3 247.1 129.3 264.9 140.2 275.8L204.2 339.8C215.1 350.7 232.9 350.7 243.8 339.8L371.8 211.8z\"><\/path><\/svg><\/div><div class=\"uagb-ifb-title-wrap\"><h3 class=\"uagb-ifb-title\">Exhibitor rates 2026<\/h3><\/div><p class=\"uagb-ifb-desc\"><strong>Is your event not listed?<\/strong> <br><br>Contact us: we can offer you <strong>a dedicated offer<\/strong>, tailored to your dates and your team<\/p><\/div><\/div>\n<\/div>\n<\/div><\/div>\n\n\n\n<div class=\"wp-block-uagb-container uagb-block-a34dd278 alignfull uagb-is-root-container\"><div class=\"uagb-container-inner-blocks-wrap\">\n<div class=\"wp-block-uagb-container uagb-block-8740c490\">\n<div class=\"wp-block-uagb-buttons uagb-buttons__outer-wrap uagb-btn__default-btn uagb-btn-tablet__default-btn uagb-btn-mobile__default-btn uagb-block-c76ceabc\"><div class=\"uagb-buttons__wrap uagb-buttons-layout-wrap\">\n<div class=\"wp-block-uagb-buttons-child uagb-buttons__outer-wrap uagb-block-7166235b wp-block-button\"><div class=\"uagb-button__wrapper\"><a class=\"uagb-buttons-repeater wp-block-button__link\" aria-label=\"\" href=\"https:\/\/www.ihg.com\/holidayinn\/hotels\/us\/en\/toulouse\/tlsap\/hoteldetail\" rel=\"follow noopener\" target=\"_self\" role=\"button\"><div class=\"uagb-button__link\">Book<\/div><\/a><\/div><\/div>\n<\/div><\/div>\n<\/div>\n\n\n\n<div class=\"wp-block-uagb-container uagb-block-60560892\">\n<div class=\"wp-block-uagb-buttons uagb-buttons__outer-wrap uagb-btn__default-btn uagb-btn-tablet__default-btn uagb-btn-mobile__default-btn uagb-block-1cdaceb8\"><div class=\"uagb-buttons__wrap uagb-buttons-layout-wrap\">\n<div class=\"wp-block-uagb-buttons-child uagb-buttons__outer-wrap uagb-block-5b0f8ba6 wp-block-button\"><div class=\"uagb-button__wrapper\"><a class=\"uagb-buttons-repeater wp-block-button__link\" aria-label=\"\" href=\"https:\/\/www.ihg.com\/holidayinn\/hotels\/us\/en\/toulouse\/tlsap\/hoteldetail\" rel=\"follow noopener\" target=\"_self\" role=\"button\"><div class=\"uagb-button__link\">Book<\/div><\/a><\/div><\/div>\n<\/div><\/div>\n<\/div>\n\n\n\n<div class=\"wp-block-uagb-container uagb-block-1acee568\">\n<div class=\"wp-block-uagb-buttons uagb-buttons__outer-wrap uagb-btn__default-btn uagb-btn-tablet__default-btn uagb-btn-mobile__default-btn uagb-block-8ce24253\"><div class=\"uagb-buttons__wrap uagb-buttons-layout-wrap\">\n<div class=\"wp-block-uagb-buttons-child uagb-buttons__outer-wrap uagb-block-67c406ee wp-block-button\"><div class=\"uagb-button__wrapper\"><a class=\"uagb-buttons-repeater wp-block-button__link\" aria-label=\"\" href=\"mailto:tlsap@hitoulouse.com\" rel=\"follow noopener\" target=\"_self\" role=\"button\"><div class=\"uagb-button__link\">Contact us<\/div><\/a><\/div><\/div>\n<\/div><\/div>\n<\/div>\n<\/div><\/div>\n\n\n\n<p><\/p>","protected":false},"excerpt":{"rendered":"<p>Special offers for MEETT events For major events held at MEETT - Parc des Expositions et Centre de Conventions de Toulouse M\u00e9tropole, we are offering exclusive rates available only on our website. Located just 5 minutes by car and 15 minutes by tram (stop 2 minutes away on foot), our [...]<\/p>","protected":false},"author":1,"featured_media":0,"parent":0,"menu_order":0,"comment_status":"closed","ping_status":"closed","template":"","meta":{"_uag_custom_page_level_css":"","site-sidebar-layout":"no-sidebar","site-content-layout":"plain-container","ast-site-content-layout":"full-width-container","site-content-style":"unboxed","site-sidebar-style":"unboxed","ast-global-header-display":"","ast-banner-title-visibility":"","ast-main-header-display":"","ast-hfb-above-header-display":"","ast-hfb-below-header-display":"","ast-hfb-mobile-header-display":"","site-post-title":"disabled","ast-breadcrumbs-content":"","ast-featured-img":"disabled","footer-sml-layout":"","theme-transparent-header-meta":"default","adv-header-id-meta":"","stick-header-meta":"","header-above-stick-meta":"","header-main-stick-meta":"","header-below-stick-meta":"","astra-migrate-meta-layouts":"set","ast-page-background-enabled":"default","ast-page-background-meta":{"desktop":{"background-color":"","background-image":"","background-repeat":"repeat","background-position":"center center","background-size":"auto","background-attachment":"scroll","background-type":"","background-media":"","overlay-type":"","overlay-color":"","overlay-opacity":"","overlay-gradient":""},"tablet":{"background-color":"","background-image":"","background-repeat":"repeat","background-position":"center center","background-size":"auto","background-attachment":"scroll","background-type":"","background-media":"","overlay-type":"","overlay-color":"","overlay-opacity":"","overlay-gradient":""},"mobile":{"background-color":"","background-image":"","background-repeat":"repeat","background-position":"center center","background-size":"auto","background-attachment":"scroll","background-type":"","background-media":"","overlay-type":"","overlay-color":"","overlay-opacity":"","overlay-gradient":""}},"ast-content-background-meta":{"desktop":{"background-color":"var(--ast-global-color-5)","background-image":"","background-repeat":"repeat","background-position":"center center","background-size":"auto","background-attachment":"scroll","background-type":"","background-media":"","overlay-type":"","overlay-color":"","overlay-opacity":"","overlay-gradient":""},"tablet":{"background-color":"var(--ast-global-color-5)","background-image":"","background-repeat":"repeat","background-position":"center center","background-size":"auto","background-attachment":"scroll","background-type":"","background-media":"","overlay-type":"","overlay-color":"","overlay-opacity":"","overlay-gradient":""},"mobile":{"background-color":"var(--ast-global-color-5)","background-image":"","background-repeat":"repeat","background-position":"center center","background-size":"auto","background-attachment":"scroll","background-type":"","background-media":"","overlay-type":"","overlay-color":"","overlay-opacity":"","overlay-gradient":""}},"footnotes":""},"class_list":["post-2266","page","type-page","status-publish","hentry"],"yoast_head":"<!-- This site is optimized with the Yoast SEO plugin v26.9 - https:\/\/yoast.com\/product\/yoast-seo-wordpress\/ -->\n<title>Holiday Inn Toulouse A\u00e9roport-proche-meett-blagnac<\/title>\n<meta name=\"description\" content=\"Profitez d\u2019offres sp\u00e9ciales pour exposants et visiteurs du MEETT. \u00c0 5 min de l\u2019h\u00f4tel et \u00e0 2 min du tram direct vers le MEETT. R\u00e9servez sur notre site.\" \/>\n<meta name=\"robots\" content=\"index, follow, max-snippet:-1, max-image-preview:large, max-video-preview:-1\" \/>\n<link rel=\"canonical\" href=\"https:\/\/www.hitoulouseairport.com\/en\/hotel-proche-meett-blagnac\/\" \/>\n<meta property=\"og:locale\" content=\"en_GB\" \/>\n<meta property=\"og:type\" content=\"article\" \/>\n<meta property=\"og:title\" content=\"Holiday Inn Toulouse A\u00e9roport-proche-meett-blagnac\" \/>\n<meta property=\"og:description\" content=\"Profitez d\u2019offres sp\u00e9ciales pour exposants et visiteurs du MEETT. \u00c0 5 min de l\u2019h\u00f4tel et \u00e0 2 min du tram direct vers le MEETT. R\u00e9servez sur notre site.\" \/>\n<meta property=\"og:url\" content=\"https:\/\/www.hitoulouseairport.com\/en\/hotel-proche-meett-blagnac\/\" \/>\n<meta property=\"og:site_name\" content=\"Holiday Inn Toulouse Airport\" \/>\n<meta property=\"article:modified_time\" content=\"2026-01-16T11:49:55+00:00\" \/>\n<meta property=\"og:image\" content=\"https:\/\/websitedemos.net\/bbq-restaurant-08\/wp-content\/uploads\/sites\/694\/2018\/10\/divider-free-img-1-150x35.png\" \/>\n<meta name=\"twitter:card\" content=\"summary_large_image\" \/>\n<meta name=\"twitter:label1\" content=\"Estimated reading time\" \/>\n\t<meta name=\"twitter:data1\" content=\"2 minutes\" \/>\n<script type=\"application\/ld+json\" class=\"yoast-schema-graph\">{\"@context\":\"https:\/\/schema.org\",\"@graph\":[{\"@type\":\"WebPage\",\"@id\":\"https:\/\/www.hitoulouseairport.com\/en\/hotel-proche-meett-blagnac\/\",\"url\":\"https:\/\/www.hitoulouseairport.com\/en\/hotel-proche-meett-blagnac\/\",\"name\":\"Holiday Inn Toulouse A\u00e9roport-proche-meett-blagnac\",\"isPartOf\":{\"@id\":\"https:\/\/www.hitoulouseairport.com\/en\/#website\"},\"primaryImageOfPage\":{\"@id\":\"https:\/\/www.hitoulouseairport.com\/en\/hotel-proche-meett-blagnac\/#primaryimage\"},\"image\":{\"@id\":\"https:\/\/www.hitoulouseairport.com\/en\/hotel-proche-meett-blagnac\/#primaryimage\"},\"thumbnailUrl\":\"https:\/\/websitedemos.net\/bbq-restaurant-08\/wp-content\/uploads\/sites\/694\/2018\/10\/divider-free-img-1-150x35.png\",\"datePublished\":\"2025-11-24T18:16:20+00:00\",\"dateModified\":\"2026-01-16T11:49:55+00:00\",\"description\":\"Profitez d\u2019offres sp\u00e9ciales pour exposants et visiteurs du MEETT. \u00c0 5 min de l\u2019h\u00f4tel et \u00e0 2 min du tram direct vers le MEETT. R\u00e9servez sur notre site.\",\"breadcrumb\":{\"@id\":\"https:\/\/www.hitoulouseairport.com\/en\/hotel-proche-meett-blagnac\/#breadcrumb\"},\"inLanguage\":\"en-GB\",\"potentialAction\":[{\"@type\":\"ReadAction\",\"target\":[\"https:\/\/www.hitoulouseairport.com\/en\/hotel-proche-meett-blagnac\/\"]}]},{\"@type\":\"ImageObject\",\"inLanguage\":\"en-GB\",\"@id\":\"https:\/\/www.hitoulouseairport.com\/en\/hotel-proche-meett-blagnac\/#primaryimage\",\"url\":\"https:\/\/websitedemos.net\/bbq-restaurant-08\/wp-content\/uploads\/sites\/694\/2018\/10\/divider-free-img-1-150x35.png\",\"contentUrl\":\"https:\/\/websitedemos.net\/bbq-restaurant-08\/wp-content\/uploads\/sites\/694\/2018\/10\/divider-free-img-1-150x35.png\"},{\"@type\":\"BreadcrumbList\",\"@id\":\"https:\/\/www.hitoulouseairport.com\/en\/hotel-proche-meett-blagnac\/#breadcrumb\",\"itemListElement\":[{\"@type\":\"ListItem\",\"position\":1,\"name\":\"Home\",\"item\":\"https:\/\/www.hitoulouseairport.com\/en\/\"},{\"@type\":\"ListItem\",\"position\":2,\"name\":\"Hotel-proche-meett-blagnac\"}]},{\"@type\":\"WebSite\",\"@id\":\"https:\/\/www.hitoulouseairport.com\/en\/#website\",\"url\":\"https:\/\/www.hitoulouseairport.com\/en\/\",\"name\":\"Holiday Inn Toulouse Airport\",\"description\":\"4 \u00e9toiles, Toulouse Blagnac hotel\",\"publisher\":{\"@id\":\"https:\/\/www.hitoulouseairport.com\/en\/#organization\"},\"potentialAction\":[{\"@type\":\"SearchAction\",\"target\":{\"@type\":\"EntryPoint\",\"urlTemplate\":\"https:\/\/www.hitoulouseairport.com\/en\/?s={search_term_string}\"},\"query-input\":{\"@type\":\"PropertyValueSpecification\",\"valueRequired\":true,\"valueName\":\"search_term_string\"}}],\"inLanguage\":\"en-GB\"},{\"@type\":\"Organization\",\"@id\":\"https:\/\/www.hitoulouseairport.com\/en\/#organization\",\"name\":\"Holiday Inn Toulouse Airport\",\"url\":\"https:\/\/www.hitoulouseairport.com\/en\/\",\"logo\":{\"@type\":\"ImageObject\",\"inLanguage\":\"en-GB\",\"@id\":\"https:\/\/www.hitoulouseairport.com\/en\/#\/schema\/logo\/image\/\",\"url\":\"https:\/\/www.hitoulouseairport.com\/wp-content\/uploads\/2024\/10\/holiday-inn-logo-non-endorsed-digital-green-rgb-vert-2023-en-e1768566289324.png\",\"contentUrl\":\"https:\/\/www.hitoulouseairport.com\/wp-content\/uploads\/2024\/10\/holiday-inn-logo-non-endorsed-digital-green-rgb-vert-2023-en-e1768566289324.png\",\"width\":512,\"height\":435,\"caption\":\"Holiday Inn Toulouse Airport\"},\"image\":{\"@id\":\"https:\/\/www.hitoulouseairport.com\/en\/#\/schema\/logo\/image\/\"},\"sameAs\":[\"https:\/\/www.instagram.com\/blackangus_blagnac\/\"]}]}<\/script>\n<!-- \/ Yoast SEO plugin. -->","yoast_head_json":{"title":"Holiday Inn Toulouse A\u00e9roport-proche-meett-blagnac","description":"Take advantage of special offers for MEETT exhibitors and visitors. 5 min from the hotel and 2 min from the direct tram to MEETT. Book on our website.","robots":{"index":"index","follow":"follow","max-snippet":"max-snippet:-1","max-image-preview":"max-image-preview:large","max-video-preview":"max-video-preview:-1"},"canonical":"https:\/\/www.hitoulouseairport.com\/en\/hotel-proche-meett-blagnac\/","og_locale":"en_GB","og_type":"article","og_title":"Holiday Inn Toulouse A\u00e9roport-proche-meett-blagnac","og_description":"Profitez d\u2019offres sp\u00e9ciales pour exposants et visiteurs du MEETT. \u00c0 5 min de l\u2019h\u00f4tel et \u00e0 2 min du tram direct vers le MEETT. R\u00e9servez sur notre site.","og_url":"https:\/\/www.hitoulouseairport.com\/en\/hotel-proche-meett-blagnac\/","og_site_name":"Holiday Inn Toulouse Airport","article_modified_time":"2026-01-16T11:49:55+00:00","og_image":[{"url":"https:\/\/websitedemos.net\/bbq-restaurant-08\/wp-content\/uploads\/sites\/694\/2018\/10\/divider-free-img-1-150x35.png","type":"","width":"","height":""}],"twitter_card":"summary_large_image","twitter_misc":{"Estimated reading time":"2 minutes"},"schema":{"@context":"https:\/\/schema.org","@graph":[{"@type":"WebPage","@id":"https:\/\/www.hitoulouseairport.com\/en\/hotel-proche-meett-blagnac\/","url":"https:\/\/www.hitoulouseairport.com\/en\/hotel-proche-meett-blagnac\/","name":"Holiday Inn Toulouse A\u00e9roport-proche-meett-blagnac","isPartOf":{"@id":"https:\/\/www.hitoulouseairport.com\/en\/#website"},"primaryImageOfPage":{"@id":"https:\/\/www.hitoulouseairport.com\/en\/hotel-proche-meett-blagnac\/#primaryimage"},"image":{"@id":"https:\/\/www.hitoulouseairport.com\/en\/hotel-proche-meett-blagnac\/#primaryimage"},"thumbnailUrl":"https:\/\/websitedemos.net\/bbq-restaurant-08\/wp-content\/uploads\/sites\/694\/2018\/10\/divider-free-img-1-150x35.png","datePublished":"2025-11-24T18:16:20+00:00","dateModified":"2026-01-16T11:49:55+00:00","description":"Take advantage of special offers for MEETT exhibitors and visitors. 5 min from the hotel and 2 min from the direct tram to MEETT. Book on our website.","breadcrumb":{"@id":"https:\/\/www.hitoulouseairport.com\/en\/hotel-proche-meett-blagnac\/#breadcrumb"},"inLanguage":"en-GB","potentialAction":[{"@type":"ReadAction","target":["https:\/\/www.hitoulouseairport.com\/en\/hotel-proche-meett-blagnac\/"]}]},{"@type":"ImageObject","inLanguage":"en-GB","@id":"https:\/\/www.hitoulouseairport.com\/en\/hotel-proche-meett-blagnac\/#primaryimage","url":"https:\/\/websitedemos.net\/bbq-restaurant-08\/wp-content\/uploads\/sites\/694\/2018\/10\/divider-free-img-1-150x35.png","contentUrl":"https:\/\/websitedemos.net\/bbq-restaurant-08\/wp-content\/uploads\/sites\/694\/2018\/10\/divider-free-img-1-150x35.png"},{"@type":"BreadcrumbList","@id":"https:\/\/www.hitoulouseairport.com\/en\/hotel-proche-meett-blagnac\/#breadcrumb","itemListElement":[{"@type":"ListItem","position":1,"name":"Home","item":"https:\/\/www.hitoulouseairport.com\/en\/"},{"@type":"ListItem","position":2,"name":"Hotel-proche-meett-blagnac"}]},{"@type":"WebSite","@id":"https:\/\/www.hitoulouseairport.com\/en\/#website","url":"https:\/\/www.hitoulouseairport.com\/en\/","name":"Holiday Inn Toulouse Airport","description":"4-star hotel, Toulouse Blagnac","publisher":{"@id":"https:\/\/www.hitoulouseairport.com\/en\/#organization"},"potentialAction":[{"@type":"SearchAction","target":{"@type":"EntryPoint","urlTemplate":"https:\/\/www.hitoulouseairport.com\/en\/?s={search_term_string}"},"query-input":{"@type":"PropertyValueSpecification","valueRequired":true,"valueName":"search_term_string"}}],"inLanguage":"en-GB"},{"@type":"Organization","@id":"https:\/\/www.hitoulouseairport.com\/en\/#organization","name":"Holiday Inn Toulouse Airport","url":"https:\/\/www.hitoulouseairport.com\/en\/","logo":{"@type":"ImageObject","inLanguage":"en-GB","@id":"https:\/\/www.hitoulouseairport.com\/en\/#\/schema\/logo\/image\/","url":"https:\/\/www.hitoulouseairport.com\/wp-content\/uploads\/2024\/10\/holiday-inn-logo-non-endorsed-digital-green-rgb-vert-2023-en-e1768566289324.png","contentUrl":"https:\/\/www.hitoulouseairport.com\/wp-content\/uploads\/2024\/10\/holiday-inn-logo-non-endorsed-digital-green-rgb-vert-2023-en-e1768566289324.png","width":512,"height":435,"caption":"Holiday Inn Toulouse Airport"},"image":{"@id":"https:\/\/www.hitoulouseairport.com\/en\/#\/schema\/logo\/image\/"},"sameAs":["https:\/\/www.instagram.com\/blackangus_blagnac\/"]}]}},"uagb_featured_image_src":{"full":false,"thumbnail":false,"medium":false,"medium_large":false,"large":false,"1536x1536":false,"2048x2048":false,"trp-custom-language-flag":false},"uagb_author_info":{"display_name":"Sybre","author_link":"https:\/\/www.hitoulouseairport.com\/en\/author\/sybre\/"},"uagb_comment_info":0,"uagb_excerpt":"Offres sp\u00e9ciales pour les \u00e9v\u00e9nements du MEETT \u00c0 l\u2019occasion des grands \u00e9v\u00e9nements organis\u00e9s au MEETT \u2013 Parc des Expositions et Centre de Conventions de Toulouse M\u00e9tropole, nous proposons des tarifs exclusifs disponibles uniquement sur notre site. Situ\u00e9 \u00e0 seulement 5 minutes en voiture et 15 minutes en tram (arr\u00eat \u00e0 2 minutes \u00e0 pied), notre&hellip;","_links":{"self":[{"href":"https:\/\/www.hitoulouseairport.com\/en\/wp-json\/wp\/v2\/pages\/2266","targetHints":{"allow":["GET"]}}],"collection":[{"href":"https:\/\/www.hitoulouseairport.com\/en\/wp-json\/wp\/v2\/pages"}],"about":[{"href":"https:\/\/www.hitoulouseairport.com\/en\/wp-json\/wp\/v2\/types\/page"}],"author":[{"embeddable":true,"href":"https:\/\/www.hitoulouseairport.com\/en\/wp-json\/wp\/v2\/users\/1"}],"replies":[{"embeddable":true,"href":"https:\/\/www.hitoulouseairport.com\/en\/wp-json\/wp\/v2\/comments?post=2266"}],"version-history":[{"count":7,"href":"https:\/\/www.hitoulouseairport.com\/en\/wp-json\/wp\/v2\/pages\/2266\/revisions"}],"predecessor-version":[{"id":2301,"href":"https:\/\/www.hitoulouseairport.com\/en\/wp-json\/wp\/v2\/pages\/2266\/revisions\/2301"}],"wp:attachment":[{"href":"https:\/\/www.hitoulouseairport.com\/en\/wp-json\/wp\/v2\/media?parent=2266"}],"curies":[{"name":"wp","href":"https:\/\/api.w.org\/{rel}","templated":true}]}}